{"id":15,"date":"2022-03-23T23:42:35","date_gmt":"2022-03-23T22:42:35","guid":{"rendered":"https:\/\/multiscale.pionier-lab.pionier.net.pl\/?page_id=15"},"modified":"2024-12-16T20:33:04","modified_gmt":"2024-12-16T19:33:04","slug":"laboratorium-symulacji-wieloskalowych","status":"publish","type":"page","link":"https:\/\/multiscale.pionier-lab.pionier.net.pl\/","title":{"rendered":""},"content":{"rendered":"\n<div class=\"wp-block-group lsw-fp is-vertical is-content-justification-stretch is-layout-flex wp-container-core-group-is-layout-b16ad781 wp-block-group-is-layout-flex\">\n<div class=\"wp-block-group is-nowrap is-layout-flex wp-container-core-group-is-layout-ad2f72ca wp-block-group-is-layout-flex\">\n<div class=\"wp-block-group head-texts is-vertical is-layout-flex wp-container-core-group-is-layout-8cad6afd wp-block-group-is-layout-flex\">\n<h2 class=\"wp-block-heading has-text-color has-link-color wp-elements-56dc51cdd2af75071155bacbbb7f584c wp-container-content-9cfa9a5a\" style=\"color:#8f0a4d;font-size:40px\"><strong>Laboratorium Symulacji Wieloskalowych<\/strong><\/h2>\n\n\n\n<p>Zaawansowane obliczenia dla nauki i przemys\u0142u<\/p>\n\n\n\n<div class=\"wp-block-buttons is-horizontal is-layout-flex wp-block-buttons-is-layout-flex\">\n<div class=\"wp-block-button button-main\"><a class=\"wp-block-button__link wp-element-button\" href=\"https:\/\/multiscale.pionier-lab.pionier.net.pl\/?page_id=81\">Sprawd\u017a nasze us\u0142ugi<\/a><\/div>\n\n\n\n<div class=\"wp-block-button button-secondary\"><a class=\"wp-block-button__link wp-element-button\" href=\"https:\/\/pionier-lab.pionier.net.pl\/\">Strona PIONIER-Lab<\/a><\/div>\n<\/div>\n<\/div>\n\n\n\n<figure class=\"wp-block-image size-full head-image\"><img loading=\"lazy\" decoding=\"async\" width=\"1520\" height=\"1600\" src=\"https:\/\/multiscale.pionier-lab.pionier.net.pl\/wp-content\/uploads\/2024\/12\/Illustration-1.png\" alt=\"\" class=\"wp-image-204\" style=\"object-fit:cover\" srcset=\"https:\/\/multiscale.pionier-lab.pionier.net.pl\/wp-content\/uploads\/2024\/12\/Illustration-1.png 1520w, https:\/\/multiscale.pionier-lab.pionier.net.pl\/wp-content\/uploads\/2024\/12\/Illustration-1-285x300.png 285w, https:\/\/multiscale.pionier-lab.pionier.net.pl\/wp-content\/uploads\/2024\/12\/Illustration-1-973x1024.png 973w, https:\/\/multiscale.pionier-lab.pionier.net.pl\/wp-content\/uploads\/2024\/12\/Illustration-1-768x808.png 768w, https:\/\/multiscale.pionier-lab.pionier.net.pl\/wp-content\/uploads\/2024\/12\/Illustration-1-1459x1536.png 1459w\" sizes=\"auto, (max-width: 1520px) 100vw, 1520px\" \/><\/figure>\n<\/div>\n\n\n\n<div class=\"wp-block-group lsw-main is-vertical is-content-justification-stretch is-layout-flex wp-container-core-group-is-layout-b16ad781 wp-block-group-is-layout-flex\">\n<div class=\"wp-block-group lsw-hero is-vertical is-content-justification-left is-layout-flex wp-container-core-group-is-layout-c0ca7d81 wp-block-group-is-layout-flex\">\n<h2 class=\"wp-block-heading has-text-align-center\">Czym s\u0105 obliczenia wieloskalowe?<\/h2>\n\n\n\n<div class=\"wp-block-group lsw-box is-vertical is-content-justification-left is-layout-flex wp-container-core-group-is-layout-c0ca7d81 wp-block-group-is-layout-flex\">\n<p>Obliczenia wieloskalowe to nowoczesne podej\u015bcie, kt\u00f3re umo\u017cliwia integracj\u0119 modeli obliczeniowych dzia\u0142aj\u0105cych w r\u00f3\u017cnych skalach czasowych i przestrzennych. W przeciwie\u0144stwie do tradycyjnych, monolitycznych modeli, pozwalaj\u0105 one na:<\/p>\n\n\n\n<div class=\"wp-block-group is-nowrap is-layout-flex wp-container-core-group-is-layout-9123dee2 wp-block-group-is-layout-flex\">\n<figure class=\"wp-block-image size-full\"><img loading=\"lazy\" decoding=\"async\" width=\"16\" height=\"16\" src=\"https:\/\/multiscale.pionier-lab.pionier.net.pl\/wp-content\/uploads\/2024\/12\/elipse.png\" alt=\"\" class=\"wp-image-233\"\/><\/figure>\n\n\n\n<p>Analiz\u0119 bardziej z\u0142o\u017conych zjawisk na wielu poziomach szczeg\u00f3\u0142owo\u015bci,<\/p>\n<\/div>\n\n\n\n<div class=\"wp-block-group is-nowrap is-layout-flex wp-container-core-group-is-layout-9123dee2 wp-block-group-is-layout-flex\">\n<figure class=\"wp-block-image size-full\"><img loading=\"lazy\" decoding=\"async\" width=\"16\" height=\"16\" src=\"https:\/\/multiscale.pionier-lab.pionier.net.pl\/wp-content\/uploads\/2024\/12\/elipse.png\" alt=\"\" class=\"wp-image-233\"\/><\/figure>\n\n\n\n<p>Dok\u0142adniejsze wyniki dzi\u0119ki synergii r\u00f3\u017cnych metod obliczeniowych,<\/p>\n<\/div>\n\n\n\n<div class=\"wp-block-group is-nowrap is-layout-flex wp-container-core-group-is-layout-9123dee2 wp-block-group-is-layout-flex\">\n<figure class=\"wp-block-image size-full is-resized\"><img loading=\"lazy\" decoding=\"async\" width=\"16\" height=\"16\" src=\"https:\/\/multiscale.pionier-lab.pionier.net.pl\/wp-content\/uploads\/2024\/12\/elipse.png\" alt=\"\" class=\"wp-image-233\" style=\"object-fit:cover;width:16px;height:16px\"\/><\/figure>\n\n\n\n<p>Wi\u0119kszy zakres symulacji poprzez efektywne wykorzystanie dost\u0119pnych zasob\u00f3w.<\/p>\n<\/div>\n<\/div>\n<\/div>\n\n\n\n<div class=\"wp-block-group lsw-hero is-vertical is-content-justification-left is-layout-flex wp-container-core-group-is-layout-c0ca7d81 wp-block-group-is-layout-flex\">\n<h2 class=\"wp-block-heading has-text-align-center\">O laboratorium<\/h2>\n\n\n\n<div class=\"wp-block-group lsw-box is-vertical is-content-justification-left is-layout-flex wp-container-core-group-is-layout-c0ca7d81 wp-block-group-is-layout-flex\">\n<p>Laboratorium Symulacji Wieloskalowych jest cz\u0119\u015bci\u0105 projektu PIONIER-LAB i stanowi konsorcjum Centr\u00f3w Komputer\u00f3w Du\u017cej Mocy z Gda\u0144ska, Krakowa, Poznania, Warszawy i Wroc\u0142awia. Nadrz\u0119dnym Celem Laboratorium jest propagowanie wiedzy o obliczeniach wieloskalowych, a tak\u017ce wsparcie eksperckie i technologiczne w:<\/p>\n\n\n\n<div class=\"wp-block-group is-nowrap is-layout-flex wp-container-core-group-is-layout-9123dee2 wp-block-group-is-layout-flex\">\n<figure class=\"wp-block-image size-full\"><img loading=\"lazy\" decoding=\"async\" width=\"16\" height=\"16\" src=\"https:\/\/multiscale.pionier-lab.pionier.net.pl\/wp-content\/uploads\/2024\/12\/elipse.png\" alt=\"\" class=\"wp-image-233\"\/><\/figure>\n\n\n\n<p>Opracowywaniu zaawansowanych modeli wieloskalowych,<\/p>\n<\/div>\n\n\n\n<div class=\"wp-block-group is-nowrap is-layout-flex wp-container-core-group-is-layout-9123dee2 wp-block-group-is-layout-flex\">\n<figure class=\"wp-block-image size-full\"><img loading=\"lazy\" decoding=\"async\" width=\"16\" height=\"16\" src=\"https:\/\/multiscale.pionier-lab.pionier.net.pl\/wp-content\/uploads\/2024\/12\/elipse.png\" alt=\"\" class=\"wp-image-233\"\/><\/figure>\n\n\n\n<p>Efektywnym uruchamianiu oblicze\u0144 na nowoczesnych infrastrukturach obliczeniowych.<\/p>\n<\/div>\n<\/div>\n<\/div>\n\n\n\n<div class=\"wp-block-group lsw-sub-hero is-vertical is-content-justification-left is-layout-flex wp-container-core-group-is-layout-c0ca7d81 wp-block-group-is-layout-flex\">\n<div class=\"wp-block-group lsw-box is-vertical is-content-justification-left is-layout-flex wp-container-core-group-is-layout-c0ca7d81 wp-block-group-is-layout-flex\">\n<h2 class=\"wp-block-heading has-text-align-center\">Nasze rozwi\u0105zania skierowane s\u0105 do:<\/h2>\n\n\n\n<div class=\"wp-block-group is-vertical is-layout-flex wp-container-core-group-is-layout-8cf370e7 wp-block-group-is-layout-flex\">\n<div class=\"wp-block-group lsw-twins is-nowrap is-layout-flex wp-container-core-group-is-layout-ad2f72ca wp-block-group-is-layout-flex\">\n<div class=\"wp-block-group is-vertical is-content-justification-center is-layout-flex wp-container-core-group-is-layout-4b2eccd6 wp-block-group-is-layout-flex\">\n<figure class=\"wp-block-image size-full\"><img loading=\"lazy\" decoding=\"async\" width=\"274\" height=\"240\" src=\"https:\/\/multiscale.pionier-lab.pionier.net.pl\/wp-content\/uploads\/2024\/12\/science.png\" alt=\"\" class=\"wp-image-250\"\/><\/figure>\n\n\n\n<h3 class=\"wp-block-heading has-text-align-left has-large-font-size\">\u015arodowiska naukowego<\/h3>\n\n\n\n<p class=\"has-text-align-center\">realizacja skomplikowanych symulacji oraz bada\u0144<\/p>\n<\/div>\n\n\n\n<div class=\"wp-block-group is-vertical is-content-justification-center is-layout-flex wp-container-core-group-is-layout-4b2eccd6 wp-block-group-is-layout-flex\">\n<figure class=\"wp-block-image size-full\"><img loading=\"lazy\" decoding=\"async\" width=\"324\" height=\"240\" src=\"https:\/\/multiscale.pionier-lab.pionier.net.pl\/wp-content\/uploads\/2024\/12\/industry.png\" alt=\"\" class=\"wp-image-251\" srcset=\"https:\/\/multiscale.pionier-lab.pionier.net.pl\/wp-content\/uploads\/2024\/12\/industry.png 324w, https:\/\/multiscale.pionier-lab.pionier.net.pl\/wp-content\/uploads\/2024\/12\/industry-300x222.png 300w\" sizes=\"auto, (max-width: 324px) 100vw, 324px\" \/><\/figure>\n\n\n\n<h3 class=\"wp-block-heading has-text-align-left has-large-font-size\">Sektora przemys\u0142owego<\/h3>\n\n\n\n<p class=\"has-text-align-center\">rozw\u00f3j innowacyjnych technologii i proces\u00f3w<\/p>\n<\/div>\n<\/div>\n<\/div>\n<\/div>\n<\/div>\n\n\n\n<div class=\"wp-block-group lsw-hero is-vertical is-content-justification-stretch is-layout-flex wp-container-core-group-is-layout-b16ad781 wp-block-group-is-layout-flex\">\n<h2 class=\"wp-block-heading has-text-align-center\">Zapraszamy do kontaktu<\/h2>\n\n\n\n<div class=\"wp-block-group lsw-contact-box wp-container-content-9cfa9a5a is-vertical is-content-justification-stretch is-nowrap is-layout-flex wp-container-core-group-is-layout-41f9fede wp-block-group-is-layout-flex\">\n<figure class=\"wp-block-image size-full\"><img loading=\"lazy\" decoding=\"async\" width=\"300\" height=\"300\" src=\"https:\/\/multiscale.pionier-lab.pionier.net.pl\/wp-content\/uploads\/2024\/12\/map-1.png\" alt=\"\" class=\"wp-image-357\" srcset=\"https:\/\/multiscale.pionier-lab.pionier.net.pl\/wp-content\/uploads\/2024\/12\/map-1.png 300w, https:\/\/multiscale.pionier-lab.pionier.net.pl\/wp-content\/uploads\/2024\/12\/map-1-150x150.png 150w\" sizes=\"auto, (max-width: 300px) 100vw, 300px\" \/><\/figure>\n\n\n\n<div class=\"wp-block-group lsw-contact-grid has-medium-font-size is-layout-grid wp-container-core-group-is-layout-baef362d wp-block-group-is-layout-grid\">\n<div class=\"wp-block-group institution wp-container-content-f999ad14 is-vertical is-content-justification-stretch is-layout-flex wp-container-core-group-is-layout-b16ad781 wp-block-group-is-layout-flex\">\n<h3 class=\"wp-block-heading\">PCSS<\/h3>\n\n\n\n<p>Tomasz Piontek (kierownik laboratorium): piontek@man.poznan.pl<\/p>\n\n\n\n<p>Bartosz Bosak: bbosak@man.poznan.pl<\/p>\n<\/div>\n\n\n\n<div class=\"wp-block-group institution wp-container-content-2a22ce07 is-vertical is-content-justification-stretch is-layout-flex wp-container-core-group-is-layout-b16ad781 wp-block-group-is-layout-flex\">\n<h3 class=\"wp-block-heading\">ACK Cyfronet<\/h3>\n\n\n\n<p>\u0141ukasz Flis: <\/p>\n\n\n\n<p>l.flis@cyf-kr.edu.pl<\/p>\n<\/div>\n\n\n\n<div class=\"wp-block-group institution wp-container-content-2a22ce07 is-vertical is-content-justification-stretch is-layout-flex wp-container-core-group-is-layout-b16ad781 wp-block-group-is-layout-flex\">\n<h3 class=\"wp-block-heading\">ICM<\/h3>\n\n\n\n<p>Bartosz Drogosiewicz: <\/p>\n\n\n\n<p>b.drogosiewicz@icm.edu.pl<\/p>\n<\/div>\n\n\n\n<div class=\"wp-block-group institution wp-container-content-2a22ce07 is-vertical is-content-justification-stretch is-layout-flex wp-container-core-group-is-layout-b16ad781 wp-block-group-is-layout-flex\">\n<h3 class=\"wp-block-heading\">TASK<\/h3>\n\n\n\n<p>S\u0142awomir Po\u0142omski: <br>sp@task.gda.pl<\/p>\n<\/div>\n\n\n\n<div class=\"wp-block-group institution wp-container-content-2a22ce07 is-vertical is-content-justification-stretch is-layout-flex wp-container-core-group-is-layout-b16ad781 wp-block-group-is-layout-flex\">\n<h3 class=\"wp-block-heading\">WCSS<\/h3>\n\n\n\n<p>Mateusz Tykierko: <\/p>\n\n\n\n<p>mateusz.tykierko@pwr.edu.pl<\/p>\n<\/div>\n<\/div>\n<\/div>\n<\/div>\n<\/div>\n<\/div>\n\n\n\n<p><\/p>\n","protected":false},"excerpt":{"rendered":"<p>Laboratorium Symulacji Wieloskalowych Zaawansowane obliczenia dla nauki i przemys\u0142u Czym s\u0105 obliczenia wieloskalowe? Obliczenia wieloskalowe to nowoczesne podej\u015bcie, kt\u00f3re umo\u017cliwia integracj\u0119 modeli obliczeniowych dzia\u0142aj\u0105cych w r\u00f3\u017cnych skalach czasowych i przestrzennych. W przeciwie\u0144stwie do tradycyjnych, monolitycznych modeli, pozwalaj\u0105 one na: Analiz\u0119 bardziej z\u0142o\u017conych zjawisk na wielu poziomach szczeg\u00f3\u0142owo\u015bci, Dok\u0142adniejsze wyniki dzi\u0119ki synergii r\u00f3\u017cnych metod obliczeniowych, Wi\u0119kszy &#8230; <a title=\"\" class=\"read-more\" href=\"https:\/\/multiscale.pionier-lab.pionier.net.pl\/\" aria-label=\"More on \">Czytaj dalej<\/a><\/p>\n","protected":false},"author":4,"featured_media":0,"parent":0,"menu_order":0,"comment_status":"closed","ping_status":"closed","template":"","meta":{"footnotes":""},"class_list":["post-15","page","type-page","status-publish"],"_links":{"self":[{"href":"https:\/\/multiscale.pionier-lab.pionier.net.pl\/index.php?rest_route=\/wp\/v2\/pages\/15","targetHints":{"allow":["GET"]}}],"collection":[{"href":"https:\/\/multiscale.pionier-lab.pionier.net.pl\/index.php?rest_route=\/wp\/v2\/pages"}],"about":[{"href":"https:\/\/multiscale.pionier-lab.pionier.net.pl\/index.php?rest_route=\/wp\/v2\/types\/page"}],"author":[{"embeddable":true,"href":"https:\/\/multiscale.pionier-lab.pionier.net.pl\/index.php?rest_route=\/wp\/v2\/users\/4"}],"replies":[{"embeddable":true,"href":"https:\/\/multiscale.pionier-lab.pionier.net.pl\/index.php?rest_route=%2Fwp%2Fv2%2Fcomments&post=15"}],"version-history":[{"count":95,"href":"https:\/\/multiscale.pionier-lab.pionier.net.pl\/index.php?rest_route=\/wp\/v2\/pages\/15\/revisions"}],"predecessor-version":[{"id":615,"href":"https:\/\/multiscale.pionier-lab.pionier.net.pl\/index.php?rest_route=\/wp\/v2\/pages\/15\/revisions\/615"}],"wp:attachment":[{"href":"https:\/\/multiscale.pionier-lab.pionier.net.pl\/index.php?rest_route=%2Fwp%2Fv2%2Fmedia&parent=15"}],"curies":[{"name":"wp","href":"https:\/\/api.w.org\/{rel}","templated":true}]}}