{"id":157,"date":"2024-12-10T15:20:26","date_gmt":"2024-12-10T14:20:26","guid":{"rendered":"https:\/\/multiscale.pionier-lab.pionier.net.pl\/?page_id=157"},"modified":"2024-12-16T20:34:32","modified_gmt":"2024-12-16T19:34:32","slug":"kontakt","status":"publish","type":"page","link":"https:\/\/multiscale.pionier-lab.pionier.net.pl\/?page_id=157","title":{"rendered":"Kontakt"},"content":{"rendered":"\n<div class=\"wp-block-group lsw-sp is-vertical is-content-justification-stretch is-layout-flex wp-container-core-group-is-layout-b16ad781 wp-block-group-is-layout-flex\">\n<h2 class=\"wp-block-heading has-text-align-center\">Kontakt<\/h2>\n\n\n\n<div class=\"wp-block-group lsw-main is-vertical is-content-justification-stretch is-layout-flex wp-container-core-group-is-layout-b16ad781 wp-block-group-is-layout-flex\">\n<div class=\"wp-block-group lsw-contact-box wp-container-content-9cfa9a5a is-vertical is-content-justification-stretch is-nowrap is-layout-flex wp-container-core-group-is-layout-41f9fede wp-block-group-is-layout-flex\">\n<figure class=\"wp-block-image size-full\"><img loading=\"lazy\" decoding=\"async\" width=\"300\" height=\"300\" src=\"https:\/\/multiscale.pionier-lab.pionier.net.pl\/wp-content\/uploads\/2024\/12\/map-1.png\" alt=\"\" class=\"wp-image-357\" srcset=\"https:\/\/multiscale.pionier-lab.pionier.net.pl\/wp-content\/uploads\/2024\/12\/map-1.png 300w, https:\/\/multiscale.pionier-lab.pionier.net.pl\/wp-content\/uploads\/2024\/12\/map-1-150x150.png 150w\" sizes=\"auto, (max-width: 300px) 100vw, 300px\" \/><\/figure>\n\n\n\n<div class=\"wp-block-group lsw-contact-grid has-medium-font-size is-layout-grid wp-container-core-group-is-layout-baef362d wp-block-group-is-layout-grid\">\n<div class=\"wp-block-group institution wp-container-content-f999ad14 is-vertical is-content-justification-stretch is-layout-flex wp-container-core-group-is-layout-b16ad781 wp-block-group-is-layout-flex\">\n<h3 class=\"wp-block-heading\">PCSS<\/h3>\n\n\n\n<p>Tomasz Piontek (kierownik laboratorium): piontek@man.poznan.pl<\/p>\n\n\n\n<p>Bartosz Bosak: bbosak@man.poznan.pl<\/p>\n<\/div>\n\n\n\n<div class=\"wp-block-group institution wp-container-content-2a22ce07 is-vertical is-content-justification-stretch is-layout-flex wp-container-core-group-is-layout-b16ad781 wp-block-group-is-layout-flex\">\n<h3 class=\"wp-block-heading\">ACK Cyfronet<\/h3>\n\n\n\n<p>\u0141ukasz Flis: <\/p>\n\n\n\n<p>l.flis@cyf-kr.edu.pl<\/p>\n<\/div>\n\n\n\n<div class=\"wp-block-group institution wp-container-content-2a22ce07 is-vertical is-content-justification-stretch is-layout-flex wp-container-core-group-is-layout-b16ad781 wp-block-group-is-layout-flex\">\n<h3 class=\"wp-block-heading\">ICM<\/h3>\n\n\n\n<p>Bartosz Drogosiewicz: <\/p>\n\n\n\n<p>b.drogosiewicz@icm.edu.pl<\/p>\n<\/div>\n\n\n\n<div class=\"wp-block-group institution wp-container-content-2a22ce07 is-vertical is-content-justification-stretch is-layout-flex wp-container-core-group-is-layout-b16ad781 wp-block-group-is-layout-flex\">\n<h3 class=\"wp-block-heading\">TASK<\/h3>\n\n\n\n<p>S\u0142awomir Po\u0142omski: <br>sp@task.gda.pl<\/p>\n<\/div>\n\n\n\n<div class=\"wp-block-group institution wp-container-content-2a22ce07 is-vertical is-content-justification-stretch is-layout-flex wp-container-core-group-is-layout-b16ad781 wp-block-group-is-layout-flex\">\n<h3 class=\"wp-block-heading\">WCSS<\/h3>\n\n\n\n<p>Mateusz Tykierko: <\/p>\n\n\n\n<p>mateusz.tykierko@pwr.edu.pl<\/p>\n<\/div>\n<\/div>\n<\/div>\n<\/div>\n<\/div>\n\n\n\n<p><\/p>\n","protected":false},"excerpt":{"rendered":"<p>Kontakt PCSS Tomasz Piontek (kierownik laboratorium): piontek@man.poznan.pl Bartosz Bosak: bbosak@man.poznan.pl ACK Cyfronet \u0141ukasz Flis: l.flis@cyf-kr.edu.pl ICM Bartosz Drogosiewicz: b.drogosiewicz@icm.edu.pl TASK S\u0142awomir Po\u0142omski: sp@task.gda.pl WCSS Mateusz Tykierko: mateusz.tykierko@pwr.edu.pl<\/p>\n","protected":false},"author":4,"featured_media":0,"parent":0,"menu_order":0,"comment_status":"closed","ping_status":"closed","template":"","meta":{"footnotes":""},"class_list":["post-157","page","type-page","status-publish"],"_links":{"self":[{"href":"https:\/\/multiscale.pionier-lab.pionier.net.pl\/index.php?rest_route=\/wp\/v2\/pages\/157","targetHints":{"allow":["GET"]}}],"collection":[{"href":"https:\/\/multiscale.pionier-lab.pionier.net.pl\/index.php?rest_route=\/wp\/v2\/pages"}],"about":[{"href":"https:\/\/multiscale.pionier-lab.pionier.net.pl\/index.php?rest_route=\/wp\/v2\/types\/page"}],"author":[{"embeddable":true,"href":"https:\/\/multiscale.pionier-lab.pionier.net.pl\/index.php?rest_route=\/wp\/v2\/users\/4"}],"replies":[{"embeddable":true,"href":"https:\/\/multiscale.pionier-lab.pionier.net.pl\/index.php?rest_route=%2Fwp%2Fv2%2Fcomments&post=157"}],"version-history":[{"count":21,"href":"https:\/\/multiscale.pionier-lab.pionier.net.pl\/index.php?rest_route=\/wp\/v2\/pages\/157\/revisions"}],"predecessor-version":[{"id":614,"href":"https:\/\/multiscale.pionier-lab.pionier.net.pl\/index.php?rest_route=\/wp\/v2\/pages\/157\/revisions\/614"}],"wp:attachment":[{"href":"https:\/\/multiscale.pionier-lab.pionier.net.pl\/index.php?rest_route=%2Fwp%2Fv2%2Fmedia&parent=157"}],"curies":[{"name":"wp","href":"https:\/\/api.w.org\/{rel}","templated":true}]}}