{"id":501,"date":"2024-12-13T10:22:35","date_gmt":"2024-12-13T09:22:35","guid":{"rendered":"https:\/\/multiscale.pionier-lab.pionier.net.pl\/?page_id=501"},"modified":"2024-12-16T20:55:20","modified_gmt":"2024-12-16T19:55:20","slug":"usluga-uq","status":"publish","type":"page","link":"https:\/\/multiscale.pionier-lab.pionier.net.pl\/?page_id=501","title":{"rendered":"Us\u0142uga badania niepewno\u015bci i analizy wra\u017cliwo\u015bci"},"content":{"rendered":"\n<div class=\"wp-block-group lsw-sp is-vertical is-content-justification-stretch is-layout-flex wp-container-core-group-is-layout-b16ad781 wp-block-group-is-layout-flex\">\n<h2 class=\"wp-block-heading has-text-align-center\">Us\u0142uga badania niepewno\u015bci i analizy wra\u017cliwo\u015bci aplikacji wieloskalowych<\/h2>\n\n\n\n<div class=\"wp-block-group lsw-service-single lsw-service has-base-3-background-color has-background is-vertical is-content-justification-center is-layout-flex wp-container-core-group-is-layout-4b2eccd6 wp-block-group-is-layout-flex\">\n<figure class=\"wp-block-image size-full is-resized\"><img loading=\"lazy\" decoding=\"async\" width=\"320\" height=\"304\" src=\"https:\/\/multiscale.pionier-lab.pionier.net.pl\/wp-content\/uploads\/2024\/12\/uq.png\" alt=\"\" class=\"wp-image-518\" style=\"width:320px\" srcset=\"https:\/\/multiscale.pionier-lab.pionier.net.pl\/wp-content\/uploads\/2024\/12\/uq.png 320w, https:\/\/multiscale.pionier-lab.pionier.net.pl\/wp-content\/uploads\/2024\/12\/uq-300x285.png 300w\" sizes=\"auto, (max-width: 320px) 100vw, 320px\" \/><\/figure>\n\n\n\n<div class=\"wp-block-group is-vertical is-layout-flex wp-container-core-group-is-layout-8cf370e7 wp-block-group-is-layout-flex\">\n<div class=\"wp-block-group description is-vertical is-content-justification-left is-layout-flex wp-container-core-group-is-layout-c0ca7d81 wp-block-group-is-layout-flex\">\n<p>Us\u0142uga udost\u0119pnia kompleksowe rozwi\u0105zanie umo\u017cliwiaj\u0105ce badanie niepewno\u015bci (ang. Uncertainty Quantification \u2013 UQ) oraz analiz\u0119 wra\u017cliwo\u015bci (Sensitivity Analysis \u2013 SA) aplikacji obliczeniowych, w szczeg\u00f3lno\u015bci z\u0142o\u017conych aplikacji wieloskalowych i jednoskalowych modeli wchodz\u0105cych w ich sk\u0142ad.&nbsp; Generyczny charakter us\u0142ugi, oraz wsparcie dla uznanych w \u015bwiecie algorytm\u00f3w do oceny niepewno\u015bci i analizy wra\u017cliwo\u015bci modeli obliczeniowych&nbsp; (m.in.&nbsp; Monte Carlo, Polynomial Chaos Expansion, Stochastic Collocation), umo\u017cliwia wykorzystanie us\u0142ugi dla szerokiego spektrum aplikacji z wielu dziedzin nauki i ga\u0142\u0119zi przemys\u0142u. <\/p>\n\n\n\n<figure class=\"wp-block-image size-large is-resized lsw-ss\"><img loading=\"lazy\" decoding=\"async\" width=\"1024\" height=\"589\" src=\"https:\/\/multiscale.pionier-lab.pionier.net.pl\/wp-content\/uploads\/2024\/12\/ss-muqsa-1024x589.png\" alt=\"\" class=\"wp-image-534\" style=\"width:600px\" srcset=\"https:\/\/multiscale.pionier-lab.pionier.net.pl\/wp-content\/uploads\/2024\/12\/ss-muqsa-1024x589.png 1024w, https:\/\/multiscale.pionier-lab.pionier.net.pl\/wp-content\/uploads\/2024\/12\/ss-muqsa-300x173.png 300w, https:\/\/multiscale.pionier-lab.pionier.net.pl\/wp-content\/uploads\/2024\/12\/ss-muqsa-768x442.png 768w, https:\/\/multiscale.pionier-lab.pionier.net.pl\/wp-content\/uploads\/2024\/12\/ss-muqsa-1536x884.png 1536w, https:\/\/multiscale.pionier-lab.pionier.net.pl\/wp-content\/uploads\/2024\/12\/ss-muqsa.png 1722w\" sizes=\"auto, (max-width: 1024px) 100vw, 1024px\" \/><\/figure>\n\n\n\n<p>Dost\u0119p do us\u0142ugi odbywa si\u0119 przez dedykowany portal <strong>mUQSA<\/strong> umo\u017cliwiaj\u0105cy definiowanie scenariuszy bada\u0144, automatyczne wykonanie wymaganych oblicze\u0144 na zasobach superkomputera, i prezentacj\u0119 wynik\u00f3w analiz.<\/p>\n\n\n\n<div class=\"wp-block-buttons links is-vertical is-layout-flex wp-container-core-buttons-is-layout-8cf370e7 wp-block-buttons-is-layout-flex\">\n<div class=\"wp-block-button\"><a class=\"wp-block-button__link wp-element-button\" href=\"https:\/\/access.pionier-lab.pionier.net.pl\/\">Zawnioskuj o us\u0142ug\u0119 eksperck\u0105<\/a><\/div>\n\n\n\n<div class=\"wp-block-button\"><a class=\"wp-block-button__link wp-element-button\" href=\"https:\/\/muqsa.multiscale.pionier-lab.pionier.net.pl\/\">Poznaj platform\u0119 mUQSA<\/a><\/div>\n\n\n\n<div class=\"wp-block-button\"><a class=\"wp-block-button__link wp-element-button\" href=\"https:\/\/pcss.plcloud.pl\/new_contract\">Uzyskaj dost\u0119p do platformy mUQSA<\/a><\/div>\n<\/div>\n\n\n\n<hr class=\"wp-block-separator has-alpha-channel-opacity is-style-default\"\/>\n\n\n\n<div class=\"wp-block-buttons is-layout-flex wp-block-buttons-is-layout-flex\">\n<div class=\"wp-block-button has-custom-width wp-block-button__width-100 button-secondary\"><a class=\"wp-block-button__link wp-element-button\" href=\"mailto:bbosak@man.poznan.pl\" style=\"border-radius:0px\">Skontaktuj si\u0119 z administratorem us\u0142ugi<\/a><\/div>\n<\/div>\n<\/div>\n<\/div>\n<\/div>\n<\/div>\n\n\n\n<p><\/p>\n","protected":false},"excerpt":{"rendered":"<p>Us\u0142uga badania niepewno\u015bci i analizy wra\u017cliwo\u015bci aplikacji wieloskalowych Us\u0142uga udost\u0119pnia kompleksowe rozwi\u0105zanie umo\u017cliwiaj\u0105ce badanie niepewno\u015bci (ang. Uncertainty Quantification \u2013 UQ) oraz analiz\u0119 wra\u017cliwo\u015bci (Sensitivity Analysis \u2013 SA) aplikacji obliczeniowych, w szczeg\u00f3lno\u015bci z\u0142o\u017conych aplikacji wieloskalowych i jednoskalowych modeli wchodz\u0105cych w ich sk\u0142ad.&nbsp; Generyczny charakter us\u0142ugi, oraz wsparcie dla uznanych w \u015bwiecie algorytm\u00f3w do oceny niepewno\u015bci i &#8230; <a title=\"Us\u0142uga badania niepewno\u015bci i analizy wra\u017cliwo\u015bci\" class=\"read-more\" href=\"https:\/\/multiscale.pionier-lab.pionier.net.pl\/?page_id=501\" aria-label=\"More on Us\u0142uga badania niepewno\u015bci i analizy wra\u017cliwo\u015bci\">Czytaj dalej<\/a><\/p>\n","protected":false},"author":4,"featured_media":0,"parent":0,"menu_order":0,"comment_status":"closed","ping_status":"closed","template":"","meta":{"footnotes":""},"class_list":["post-501","page","type-page","status-publish"],"_links":{"self":[{"href":"https:\/\/multiscale.pionier-lab.pionier.net.pl\/index.php?rest_route=\/wp\/v2\/pages\/501","targetHints":{"allow":["GET"]}}],"collection":[{"href":"https:\/\/multiscale.pionier-lab.pionier.net.pl\/index.php?rest_route=\/wp\/v2\/pages"}],"about":[{"href":"https:\/\/multiscale.pionier-lab.pionier.net.pl\/index.php?rest_route=\/wp\/v2\/types\/page"}],"author":[{"embeddable":true,"href":"https:\/\/multiscale.pionier-lab.pionier.net.pl\/index.php?rest_route=\/wp\/v2\/users\/4"}],"replies":[{"embeddable":true,"href":"https:\/\/multiscale.pionier-lab.pionier.net.pl\/index.php?rest_route=%2Fwp%2Fv2%2Fcomments&post=501"}],"version-history":[{"count":12,"href":"https:\/\/multiscale.pionier-lab.pionier.net.pl\/index.php?rest_route=\/wp\/v2\/pages\/501\/revisions"}],"predecessor-version":[{"id":627,"href":"https:\/\/multiscale.pionier-lab.pionier.net.pl\/index.php?rest_route=\/wp\/v2\/pages\/501\/revisions\/627"}],"wp:attachment":[{"href":"https:\/\/multiscale.pionier-lab.pionier.net.pl\/index.php?rest_route=%2Fwp%2Fv2%2Fmedia&parent=501"}],"curies":[{"name":"wp","href":"https:\/\/api.w.org\/{rel}","templated":true}]}}