{"id":504,"date":"2024-12-13T10:20:39","date_gmt":"2024-12-13T09:20:39","guid":{"rendered":"https:\/\/multiscale.pionier-lab.pionier.net.pl\/?page_id=504"},"modified":"2024-12-16T20:56:02","modified_gmt":"2024-12-16T19:56:02","slug":"usluga-uruchamiania","status":"publish","type":"page","link":"https:\/\/multiscale.pionier-lab.pionier.net.pl\/?page_id=504","title":{"rendered":"Us\u0142uga uruchamiania"},"content":{"rendered":"\n<div class=\"wp-block-group lsw-sp is-vertical is-content-justification-stretch is-layout-flex wp-container-core-group-is-layout-b16ad781 wp-block-group-is-layout-flex\">\n<h2 class=\"wp-block-heading has-text-align-center\">Us\u0142uga uruchamiania oblicze\u0144 wieloskalowych<\/h2>\n\n\n\n<div class=\"wp-block-group lsw-service-single lsw-service has-base-3-background-color has-background is-vertical is-content-justification-center is-layout-flex wp-container-core-group-is-layout-4b2eccd6 wp-block-group-is-layout-flex\">\n<figure class=\"wp-block-image size-full is-resized\"><img loading=\"lazy\" decoding=\"async\" width=\"320\" height=\"304\" src=\"https:\/\/multiscale.pionier-lab.pionier.net.pl\/wp-content\/uploads\/2024\/12\/running.png\" alt=\"\" class=\"wp-image-544\" style=\"width:320px\" srcset=\"https:\/\/multiscale.pionier-lab.pionier.net.pl\/wp-content\/uploads\/2024\/12\/running.png 320w, https:\/\/multiscale.pionier-lab.pionier.net.pl\/wp-content\/uploads\/2024\/12\/running-300x285.png 300w\" sizes=\"auto, (max-width: 320px) 100vw, 320px\" \/><\/figure>\n\n\n\n<div class=\"wp-block-group is-vertical is-layout-flex wp-container-core-group-is-layout-8cf370e7 wp-block-group-is-layout-flex\">\n<div class=\"wp-block-group description is-vertical is-content-justification-left is-layout-flex wp-container-core-group-is-layout-c0ca7d81 wp-block-group-is-layout-flex\">\n<p>Us\u0142uga ma na celu zapewnienie intuicyjnego dost\u0119pu do zasob\u00f3w obliczeniowych jednostek wchodz\u0105cych w sk\u0142ad konsorcjum PIONIER-Lab na potrzeby oblicze\u0144 wieloskalowych oraz kontrol\u0119 nad wykonywanymi eksperymentami. Realizacja us\u0142ugi jest zapewniana na dwa podstawowe sposoby, kt\u00f3rych wykorzystanie zale\u017cy od preferencji u\u017cytkownik\u00f3w: poprzez po\u0142\u0105czenie SSH i tradycyjny interfejs wiersza polece\u0144 (command line) lub poprzez dedykowany portal dost\u0119powy oparty na systemie <strong>QCG<\/strong>.<\/p>\n\n\n\n<figure class=\"wp-block-image size-large is-resized lsw-ss\"><img loading=\"lazy\" decoding=\"async\" width=\"1024\" height=\"592\" src=\"https:\/\/multiscale.pionier-lab.pionier.net.pl\/wp-content\/uploads\/2024\/12\/ss-qcg-1024x592.png\" alt=\"\" class=\"wp-image-556\" style=\"width:600px\" srcset=\"https:\/\/multiscale.pionier-lab.pionier.net.pl\/wp-content\/uploads\/2024\/12\/ss-qcg-1024x592.png 1024w, https:\/\/multiscale.pionier-lab.pionier.net.pl\/wp-content\/uploads\/2024\/12\/ss-qcg-300x173.png 300w, https:\/\/multiscale.pionier-lab.pionier.net.pl\/wp-content\/uploads\/2024\/12\/ss-qcg-768x444.png 768w, https:\/\/multiscale.pionier-lab.pionier.net.pl\/wp-content\/uploads\/2024\/12\/ss-qcg.png 1440w\" sizes=\"auto, (max-width: 1024px) 100vw, 1024px\" \/><\/figure>\n\n\n\n<p>Portal oferuj\u0105c elastyczny mechanizm szablon\u00f3w zapewnia wsparcie dla scenariuszy aplikacyjnych cz\u0119sto wykorzystywanych w obliczeniach wieloskalowych, w szczeg\u00f3lno\u015bci: zada\u0144 parametrycznych, zada\u0144 typu workflow oraz oblicze\u0144 opartych o przetwarzanie w modelu <em>pilot job<\/em>. Przy wykorzystaniu wbudowanego elastycznego mechanizm szablon\u00f3w, interfejs portalu mo\u017ce zosta\u0107 dostosowany do wymaga\u0144 i oczekiwa\u0144 konkretnych scenariuszy aplikacyjnych. Jako uzupe\u0142nienie funkcjonalno\u015bci portalu, us\u0142uga dostarcza narz\u0119dzia automatyzuj\u0105ce zlecanie zada\u0144 z poziomu systemu operacyjnego u\u017cytkownika.<\/p>\n\n\n\n<p>Uzupe\u0142nieniem oferty us\u0142ugi jest mo\u017cliwo\u015b\u0107 uruchamiania i kontrolowania wybranych typ\u00f3w oblicze\u0144 poprzez alternatywne platformy dost\u0119powe, kt\u00f3re mog\u0105 by\u0107 tworzone na bazie generycznych rozwi\u0105za\u0144 i dostosowywane do preferencji i specyficznych wymaga\u0144 grup u\u017cytkownik\u00f3w w ramach dedykowanej us\u0142ugi wsparcia.<\/p>\n\n\n\n<div class=\"wp-block-buttons links is-vertical is-layout-flex wp-container-core-buttons-is-layout-8cf370e7 wp-block-buttons-is-layout-flex\">\n<div class=\"wp-block-button\"><a class=\"wp-block-button__link wp-element-button\" href=\"https:\/\/access.pionier-lab.pionier.net.pl\/\">Zawnioskuj o us\u0142ug\u0119 eksperck\u0105<\/a><\/div>\n\n\n\n<div class=\"wp-block-button\"><a class=\"wp-block-button__link wp-element-button\" href=\"https:\/\/pcss.plcloud.pl\/new_contract\">Uzyskaj dost\u0119p do zasob\u00f3w obliczeniowych<\/a><\/div>\n\n\n\n<div class=\"wp-block-button\"><a class=\"wp-block-button__link wp-element-button\" href=\"https:\/\/qcg.psnc.pl\">Poznaj rozwi\u0105zania QCG<\/a><\/div>\n<\/div>\n\n\n\n<hr class=\"wp-block-separator has-alpha-channel-opacity is-style-default\"\/>\n\n\n\n<div class=\"wp-block-buttons is-layout-flex wp-block-buttons-is-layout-flex\">\n<div class=\"wp-block-button has-custom-width wp-block-button__width-100 button-secondary\"><a class=\"wp-block-button__link wp-element-button\" href=\"mailto:piontek@man.poznan.pl\" style=\"border-radius:0px\">Skontaktuj si\u0119 z administratorem us\u0142ugi<\/a><\/div>\n<\/div>\n<\/div>\n<\/div>\n<\/div>\n<\/div>\n\n\n\n<p><\/p>\n","protected":false},"excerpt":{"rendered":"<p>Us\u0142uga uruchamiania oblicze\u0144 wieloskalowych Us\u0142uga ma na celu zapewnienie intuicyjnego dost\u0119pu do zasob\u00f3w obliczeniowych jednostek wchodz\u0105cych w sk\u0142ad konsorcjum PIONIER-Lab na potrzeby oblicze\u0144 wieloskalowych oraz kontrol\u0119 nad wykonywanymi eksperymentami. Realizacja us\u0142ugi jest zapewniana na dwa podstawowe sposoby, kt\u00f3rych wykorzystanie zale\u017cy od preferencji u\u017cytkownik\u00f3w: poprzez po\u0142\u0105czenie SSH i tradycyjny interfejs wiersza polece\u0144 (command line) lub poprzez &#8230; <a title=\"Us\u0142uga uruchamiania\" class=\"read-more\" href=\"https:\/\/multiscale.pionier-lab.pionier.net.pl\/?page_id=504\" aria-label=\"More on Us\u0142uga uruchamiania\">Czytaj dalej<\/a><\/p>\n","protected":false},"author":4,"featured_media":0,"parent":0,"menu_order":0,"comment_status":"closed","ping_status":"closed","template":"","meta":{"footnotes":""},"class_list":["post-504","page","type-page","status-publish"],"_links":{"self":[{"href":"https:\/\/multiscale.pionier-lab.pionier.net.pl\/index.php?rest_route=\/wp\/v2\/pages\/504","targetHints":{"allow":["GET"]}}],"collection":[{"href":"https:\/\/multiscale.pionier-lab.pionier.net.pl\/index.php?rest_route=\/wp\/v2\/pages"}],"about":[{"href":"https:\/\/multiscale.pionier-lab.pionier.net.pl\/index.php?rest_route=\/wp\/v2\/types\/page"}],"author":[{"embeddable":true,"href":"https:\/\/multiscale.pionier-lab.pionier.net.pl\/index.php?rest_route=\/wp\/v2\/users\/4"}],"replies":[{"embeddable":true,"href":"https:\/\/multiscale.pionier-lab.pionier.net.pl\/index.php?rest_route=%2Fwp%2Fv2%2Fcomments&post=504"}],"version-history":[{"count":9,"href":"https:\/\/multiscale.pionier-lab.pionier.net.pl\/index.php?rest_route=\/wp\/v2\/pages\/504\/revisions"}],"predecessor-version":[{"id":628,"href":"https:\/\/multiscale.pionier-lab.pionier.net.pl\/index.php?rest_route=\/wp\/v2\/pages\/504\/revisions\/628"}],"wp:attachment":[{"href":"https:\/\/multiscale.pionier-lab.pionier.net.pl\/index.php?rest_route=%2Fwp%2Fv2%2Fmedia&parent=504"}],"curies":[{"name":"wp","href":"https:\/\/api.w.org\/{rel}","templated":true}]}}