{"id":506,"date":"2024-12-13T10:15:41","date_gmt":"2024-12-13T09:15:41","guid":{"rendered":"https:\/\/multiscale.pionier-lab.pionier.net.pl\/?page_id=506"},"modified":"2024-12-16T20:54:29","modified_gmt":"2024-12-16T19:54:29","slug":"usluga-monitorowania","status":"publish","type":"page","link":"https:\/\/multiscale.pionier-lab.pionier.net.pl\/?page_id=506","title":{"rendered":"Us\u0142uga monitorowania"},"content":{"rendered":"\n<div class=\"wp-block-group lsw-sp is-vertical is-content-justification-stretch is-layout-flex wp-container-core-group-is-layout-b16ad781 wp-block-group-is-layout-flex\">\n<h2 class=\"wp-block-heading has-text-align-center\">Us\u0142uga monitorowania oblicze\u0144 wieloskalowych<\/h2>\n\n\n\n<div class=\"wp-block-group lsw-service-single lsw-service has-base-3-background-color has-background is-vertical is-content-justification-center is-layout-flex wp-container-core-group-is-layout-4b2eccd6 wp-block-group-is-layout-flex\">\n<figure class=\"wp-block-image size-full is-resized\"><img loading=\"lazy\" decoding=\"async\" width=\"320\" height=\"304\" src=\"https:\/\/multiscale.pionier-lab.pionier.net.pl\/wp-content\/uploads\/2024\/12\/monitoring.png\" alt=\"\" class=\"wp-image-531\" style=\"width:320px\" srcset=\"https:\/\/multiscale.pionier-lab.pionier.net.pl\/wp-content\/uploads\/2024\/12\/monitoring.png 320w, https:\/\/multiscale.pionier-lab.pionier.net.pl\/wp-content\/uploads\/2024\/12\/monitoring-300x285.png 300w\" sizes=\"auto, (max-width: 320px) 100vw, 320px\" \/><\/figure>\n\n\n\n<div class=\"wp-block-group is-vertical is-layout-flex wp-container-core-group-is-layout-8cf370e7 wp-block-group-is-layout-flex\">\n<div class=\"wp-block-group description is-vertical is-content-justification-left is-layout-flex wp-container-core-group-is-layout-c0ca7d81 wp-block-group-is-layout-flex\">\n<p>Us\u0142uga umo\u017cliwia \u015bledzenie post\u0119pu wykonywania zada\u0144 uruchamianych na zasobach obliczeniowych oraz wspiera proces weryfikacji poprawno\u015bci oblicze\u0144 w czasie ich trwania (np. ocena zbie\u017cno\u015bci). Poprzez udost\u0119pnienie intuicyjnej formy prezentacji monitorowanych danych w oparciu o portal QCG, funkcjonalno\u015b\u0107 us\u0142ugi mo\u017ce znale\u017a\u0107 zastosowanie w wielu praktycznych scenariuszach, zar\u00f3wno wywodz\u0105cych si\u0119 ze \u015brodowiska naukowego jak i biznesowego.<\/p>\n\n\n\n<p>Cz\u0119\u015b\u0107 generyczna us\u0142ugi pozwala na automatyczne monitorowanie g\u0142\u00f3wnych danych o post\u0119pie wykonywania scenariuszy obliczeniowych, ze szczeg\u00f3lnym uwzgl\u0119dnieniem potrzeb symulacji wieloskalowych, i mo\u017ce by\u0107 w prosty spos\u00f3b do\u0142\u0105czona do dowolnych oblicze\u0144 prowadzonych z wykorzystaniem portalu <strong>QCG<\/strong>.<\/p>\n\n\n\n<figure class=\"wp-block-image size-large is-resized lsw-ss\"><img loading=\"lazy\" decoding=\"async\" width=\"1024\" height=\"621\" src=\"https:\/\/multiscale.pionier-lab.pionier.net.pl\/wp-content\/uploads\/2024\/12\/ss-monitoring-1024x621.png\" alt=\"\" class=\"wp-image-553\" style=\"width:600px\" srcset=\"https:\/\/multiscale.pionier-lab.pionier.net.pl\/wp-content\/uploads\/2024\/12\/ss-monitoring-1024x621.png 1024w, https:\/\/multiscale.pionier-lab.pionier.net.pl\/wp-content\/uploads\/2024\/12\/ss-monitoring-300x182.png 300w, https:\/\/multiscale.pionier-lab.pionier.net.pl\/wp-content\/uploads\/2024\/12\/ss-monitoring-768x466.png 768w, https:\/\/multiscale.pionier-lab.pionier.net.pl\/wp-content\/uploads\/2024\/12\/ss-monitoring-1536x932.png 1536w, https:\/\/multiscale.pionier-lab.pionier.net.pl\/wp-content\/uploads\/2024\/12\/ss-monitoring.png 1707w\" sizes=\"auto, (max-width: 1024px) 100vw, 1024px\" \/><\/figure>\n\n\n\n<p>Us\u0142uga, dzi\u0119ki zastosowaniu mechanizmu szablon\u00f3w monitorowania, mo\u017ce by\u0107 jednak rozbudowana i dostosowana do bardziej specyficznych wymaga\u0144 aplikacyjnych.<\/p>\n\n\n\n<div class=\"wp-block-buttons links is-vertical is-layout-flex wp-container-core-buttons-is-layout-8cf370e7 wp-block-buttons-is-layout-flex\">\n<div class=\"wp-block-button\"><a class=\"wp-block-button__link wp-element-button\" href=\"https:\/\/access.pionier-lab.pionier.net.pl\/\">Zawnioskuj o us\u0142ug\u0119 eksperck\u0105<\/a><\/div>\n\n\n\n<div class=\"wp-block-button\"><a class=\"wp-block-button__link wp-element-button\" href=\"https:\/\/pcss.plcloud.pl\/new_contract\">Uzyskaj dost\u0119p do zasob\u00f3w obliczeniowych<\/a><\/div>\n\n\n\n<div class=\"wp-block-button\"><a class=\"wp-block-button__link wp-element-button\" href=\"https:\/\/qcg.psnc.pl\">Poznaj rozwi\u0105zania QCG<\/a><\/div>\n<\/div>\n\n\n\n<hr class=\"wp-block-separator has-alpha-channel-opacity is-style-default\"\/>\n\n\n\n<div class=\"wp-block-buttons is-layout-flex wp-block-buttons-is-layout-flex\">\n<div class=\"wp-block-button has-custom-width wp-block-button__width-100 button-secondary\"><a class=\"wp-block-button__link wp-element-button\" href=\"mailto:bbosak@man.poznan.pl\" style=\"border-radius:0px\">Skontaktuj si\u0119 z administratorem us\u0142ugi<\/a><\/div>\n<\/div>\n<\/div>\n<\/div>\n<\/div>\n<\/div>\n\n\n\n<p><\/p>\n","protected":false},"excerpt":{"rendered":"<p>Us\u0142uga monitorowania oblicze\u0144 wieloskalowych Us\u0142uga umo\u017cliwia \u015bledzenie post\u0119pu wykonywania zada\u0144 uruchamianych na zasobach obliczeniowych oraz wspiera proces weryfikacji poprawno\u015bci oblicze\u0144 w czasie ich trwania (np. ocena zbie\u017cno\u015bci). Poprzez udost\u0119pnienie intuicyjnej formy prezentacji monitorowanych danych w oparciu o portal QCG, funkcjonalno\u015b\u0107 us\u0142ugi mo\u017ce znale\u017a\u0107 zastosowanie w wielu praktycznych scenariuszach, zar\u00f3wno wywodz\u0105cych si\u0119 ze \u015brodowiska naukowego jak &#8230; <a title=\"Us\u0142uga monitorowania\" class=\"read-more\" href=\"https:\/\/multiscale.pionier-lab.pionier.net.pl\/?page_id=506\" aria-label=\"More on Us\u0142uga monitorowania\">Czytaj dalej<\/a><\/p>\n","protected":false},"author":4,"featured_media":0,"parent":0,"menu_order":0,"comment_status":"closed","ping_status":"closed","template":"","meta":{"footnotes":""},"class_list":["post-506","page","type-page","status-publish"],"_links":{"self":[{"href":"https:\/\/multiscale.pionier-lab.pionier.net.pl\/index.php?rest_route=\/wp\/v2\/pages\/506","targetHints":{"allow":["GET"]}}],"collection":[{"href":"https:\/\/multiscale.pionier-lab.pionier.net.pl\/index.php?rest_route=\/wp\/v2\/pages"}],"about":[{"href":"https:\/\/multiscale.pionier-lab.pionier.net.pl\/index.php?rest_route=\/wp\/v2\/types\/page"}],"author":[{"embeddable":true,"href":"https:\/\/multiscale.pionier-lab.pionier.net.pl\/index.php?rest_route=\/wp\/v2\/users\/4"}],"replies":[{"embeddable":true,"href":"https:\/\/multiscale.pionier-lab.pionier.net.pl\/index.php?rest_route=%2Fwp%2Fv2%2Fcomments&post=506"}],"version-history":[{"count":12,"href":"https:\/\/multiscale.pionier-lab.pionier.net.pl\/index.php?rest_route=\/wp\/v2\/pages\/506\/revisions"}],"predecessor-version":[{"id":625,"href":"https:\/\/multiscale.pionier-lab.pionier.net.pl\/index.php?rest_route=\/wp\/v2\/pages\/506\/revisions\/625"}],"wp:attachment":[{"href":"https:\/\/multiscale.pionier-lab.pionier.net.pl\/index.php?rest_route=%2Fwp%2Fv2%2Fmedia&parent=506"}],"curies":[{"name":"wp","href":"https:\/\/api.w.org\/{rel}","templated":true}]}}